{"id":397,"date":"2019-07-12T13:48:32","date_gmt":"2019-07-12T13:48:32","guid":{"rendered":"https:\/\/kess-design.ch\/?page_id=397"},"modified":"2023-03-20T07:33:53","modified_gmt":"2023-03-20T07:33:53","slug":"home","status":"publish","type":"page","link":"https:\/\/kess-design.ch\/?page_id=397","title":{"rendered":"Home"},"content":{"rendered":"\n<p class=\"has-background has-very-light-gray-background-color\">Willkommen bei kess, dem Shop f\u00fcr handgemachtes in Z\u00fcrich. Seit 14 Jahren der Ort f\u00fcr handgemachte Lederfinken, Chindsgitaschen und Kinderkleider. Auch Postiwagen und allerlei f\u00fcr Gross und Klein geh\u00f6ren ins Sortiment. Schau doch rein und lass dich inspirieren.<\/p>\n\n\n\n<p><\/p>\n\n\n\n<p>Und \u00fcbrigens, der Versand ist kostenlos \ud83d\ude42<\/p>\n\n\n","protected":false},"excerpt":{"rendered":"<p>Willkommen bei kess, dem Shop f\u00fcr handgemachtes in Z\u00fcrich. Seit 14 Jahren der Ort f\u00fcr handgemachte Lederfinken, Chindsgitaschen und Kinderkleider. Auch Postiwagen und allerlei f\u00fcr Gross und Klein geh\u00f6ren ins Sortiment. Schau doch rein und lass dich inspirieren. Und \u00fcbrigens, der Versand ist kostenlos \ud83d\ude42<\/p>\n","protected":false},"author":2,"featured_media":0,"parent":92,"menu_order":0,"comment_status":"closed","ping_status":"closed","template":"","meta":{"footnotes":""},"class_list":["post-397","page","type-page","status-publish","hentry"],"jetpack_sharing_enabled":true,"_links":{"self":[{"href":"https:\/\/kess-design.ch\/index.php?rest_route=\/wp\/v2\/pages\/397","targetHints":{"allow":["GET"]}}],"collection":[{"href":"https:\/\/kess-design.ch\/index.php?rest_route=\/wp\/v2\/pages"}],"about":[{"href":"https:\/\/kess-design.ch\/index.php?rest_route=\/wp\/v2\/types\/page"}],"author":[{"embeddable":true,"href":"https:\/\/kess-design.ch\/index.php?rest_route=\/wp\/v2\/users\/2"}],"replies":[{"embeddable":true,"href":"https:\/\/kess-design.ch\/index.php?rest_route=%2Fwp%2Fv2%2Fcomments&post=397"}],"version-history":[{"count":5,"href":"https:\/\/kess-design.ch\/index.php?rest_route=\/wp\/v2\/pages\/397\/revisions"}],"predecessor-version":[{"id":174616,"href":"https:\/\/kess-design.ch\/index.php?rest_route=\/wp\/v2\/pages\/397\/revisions\/174616"}],"up":[{"embeddable":true,"href":"https:\/\/kess-design.ch\/index.php?rest_route=\/wp\/v2\/pages\/92"}],"wp:attachment":[{"href":"https:\/\/kess-design.ch\/index.php?rest_route=%2Fwp%2Fv2%2Fmedia&parent=397"}],"curies":[{"name":"wp","href":"https:\/\/api.w.org\/{rel}","templated":true}]}}