{"id":330367,"date":"2020-04-09T12:44:13","date_gmt":"2020-04-09T12:44:13","guid":{"rendered":"https:\/\/kess-design.ch\/?page_id=330367"},"modified":"2020-04-09T12:54:50","modified_gmt":"2020-04-09T12:54:50","slug":"ueber-kess-design","status":"publish","type":"page","link":"https:\/\/kess-design.ch\/?page_id=330367","title":{"rendered":"\u00fcber kess"},"content":{"rendered":"\n<p>kess-design steht bereits seit 2007 f\u00fcr hochwertige Kindermode, Lederfinken, Chindsgitaschen und vieles mehr. Sandra Wittachy entwirft und produziert alles im eigenen Atelier in Z\u00fcrich Leimbach.<\/p>\n\n\n\n<p>Die Kleider sind aus weichen, hautfreundlichen Materialien und Schnitten die \u00fcber mehrere Gr\u00f6ssen getragen werden k\u00f6nnen.  <\/p>\n\n\n\n<p> Die Lederfinken sind aus hochwertigem italienischen Leder und es gibt sie  f\u00fcr Kinder von ca. 6 Monaten bis 12 Jahren.<\/p>\n\n\n\n<p>F\u00fcr den Kindergarteneintritt gibt es Chindsgit\u00e4schlis aus Blache mit vielen unterschiedlichen Motiven und bei Bedarf, kann gleich noch der passende Turn-\/Schwimmsack bestellt werden.<\/p>\n\n\n\n<p>Sobald die Kinder dem Kinderwagen entwachsen, stellt sich f\u00fcr die Mamis die Frage wie trage ich k\u00fcnftig die Eink\u00e4ufe nach Hause. bei kess-design.ch finden sich trendige, ger\u00e4umige und exklusive Poschtiw\u00e4gelis.<\/p>\n\n\n\n<p><\/p>\n","protected":false},"excerpt":{"rendered":"<p>kess-design steht bereits seit 2007 f\u00fcr hochwertige Kindermode, Lederfinken, Chindsgitaschen und vieles mehr. Sandra Wittachy entwirft und produziert alles im eigenen Atelier in Z\u00fcrich Leimbach. Die Kleider sind aus weichen, hautfreundlichen Materialien und Schnitten die \u00fcber mehrere Gr\u00f6ssen getragen werden k\u00f6nnen. Die Lederfinken sind aus hochwertigem italienischen Leder und es gibt sie f\u00fcr Kinder von [&hellip;]<\/p>\n","protected":false},"author":2,"featured_media":330398,"parent":0,"menu_order":0,"comment_status":"closed","ping_status":"closed","template":"","meta":{"footnotes":""},"class_list":["post-330367","page","type-page","status-publish","has-post-thumbnail","hentry"],"jetpack_sharing_enabled":true,"_links":{"self":[{"href":"https:\/\/kess-design.ch\/index.php?rest_route=\/wp\/v2\/pages\/330367","targetHints":{"allow":["GET"]}}],"collection":[{"href":"https:\/\/kess-design.ch\/index.php?rest_route=\/wp\/v2\/pages"}],"about":[{"href":"https:\/\/kess-design.ch\/index.php?rest_route=\/wp\/v2\/types\/page"}],"author":[{"embeddable":true,"href":"https:\/\/kess-design.ch\/index.php?rest_route=\/wp\/v2\/users\/2"}],"replies":[{"embeddable":true,"href":"https:\/\/kess-design.ch\/index.php?rest_route=%2Fwp%2Fv2%2Fcomments&post=330367"}],"version-history":[{"count":5,"href":"https:\/\/kess-design.ch\/index.php?rest_route=\/wp\/v2\/pages\/330367\/revisions"}],"predecessor-version":[{"id":330451,"href":"https:\/\/kess-design.ch\/index.php?rest_route=\/wp\/v2\/pages\/330367\/revisions\/330451"}],"wp:featuredmedia":[{"embeddable":true,"href":"https:\/\/kess-design.ch\/index.php?rest_route=\/wp\/v2\/media\/330398"}],"wp:attachment":[{"href":"https:\/\/kess-design.ch\/index.php?rest_route=%2Fwp%2Fv2%2Fmedia&parent=330367"}],"curies":[{"name":"wp","href":"https:\/\/api.w.org\/{rel}","templated":true}]}}